{"id":15268,"date":"2024-08-25T16:17:54","date_gmt":"2024-08-25T14:17:54","guid":{"rendered":"https:\/\/smartiadev.com\/fr\/?page_id=15268"},"modified":"2024-09-08T12:57:36","modified_gmt":"2024-09-08T10:57:36","slug":"ingenierie-en-rd","status":"publish","type":"page","link":"https:\/\/smartiadev.com\/fr\/services\/ingenierie-en-rd\/","title":{"rendered":"Consultant en R&amp;D"},"content":{"rendered":"\t\t<div data-elementor-type=\"wp-page\" data-elementor-id=\"15268\" class=\"elementor elementor-15268\">\n\t\t\t\t\t\t<section class=\"elementor-section elementor-top-section elementor-element elementor-element-42c31de elementor-section-boxed elementor-section-height-default elementor-section-height-default\" data-id=\"42c31de\" data-element_type=\"section\">\n\t\t\t\t\t\t<div class=\"elementor-container elementor-column-gap-default\">\n\t\t\t\t\t<div class=\"elementor-column elementor-col-50 elementor-top-column elementor-element elementor-element-c3cc26e\" data-id=\"c3cc26e\" data-element_type=\"column\">\n\t\t\t<div class=\"elementor-widget-wrap elementor-element-populated\">\n\t\t\t\t\t\t<div class=\"elementor-element elementor-element-123448b elementor-widget elementor-widget-image\" data-id=\"123448b\" data-element_type=\"widget\" data-widget_type=\"image.default\">\n\t\t\t\t<div class=\"elementor-widget-container\">\n\t\t\t<style>\/*! elementor - v3.20.0 - 13-03-2024 *\/\n.elementor-widget-image{text-align:center}.elementor-widget-image a{display:inline-block}.elementor-widget-image a img[src$=\".svg\"]{width:48px}.elementor-widget-image img{vertical-align:middle;display:inline-block}<\/style>\t\t\t\t\t\t\t\t\t\t<img fetchpriority=\"high\" decoding=\"async\" width=\"1060\" height=\"596\" src=\"https:\/\/smartiadev.com\/fr\/wp-content\/uploads\/2024\/08\/top-down-view-civil-engineer-planning-writing-blueprint-symposium_31965-367694.jpg\" class=\"attachment-full size-full wp-image-15271\" alt=\"\" srcset=\"https:\/\/smartiadev.com\/fr\/wp-content\/uploads\/2024\/08\/top-down-view-civil-engineer-planning-writing-blueprint-symposium_31965-367694.jpg 1060w, https:\/\/smartiadev.com\/fr\/wp-content\/uploads\/2024\/08\/top-down-view-civil-engineer-planning-writing-blueprint-symposium_31965-367694-300x169.jpg 300w, https:\/\/smartiadev.com\/fr\/wp-content\/uploads\/2024\/08\/top-down-view-civil-engineer-planning-writing-blueprint-symposium_31965-367694-1024x576.jpg 1024w, https:\/\/smartiadev.com\/fr\/wp-content\/uploads\/2024\/08\/top-down-view-civil-engineer-planning-writing-blueprint-symposium_31965-367694-768x432.jpg 768w\" sizes=\"(max-width: 1060px) 100vw, 1060px\" \/>\t\t\t\t\t\t\t\t\t\t\t\t\t<\/div>\n\t\t\t\t<\/div>\n\t\t\t\t<div class=\"elementor-element elementor-element-bf0da9f elementor-widget elementor-widget-heading\" data-id=\"bf0da9f\" data-element_type=\"widget\" data-widget_type=\"heading.default\">\n\t\t\t\t<div class=\"elementor-widget-container\">\n\t\t\t<style>\/*! elementor - v3.20.0 - 13-03-2024 *\/\n.elementor-heading-title{padding:0;margin:0;line-height:1}.elementor-widget-heading .elementor-heading-title[class*=elementor-size-]>a{color:inherit;font-size:inherit;line-height:inherit}.elementor-widget-heading .elementor-heading-title.elementor-size-small{font-size:15px}.elementor-widget-heading .elementor-heading-title.elementor-size-medium{font-size:19px}.elementor-widget-heading .elementor-heading-title.elementor-size-large{font-size:29px}.elementor-widget-heading .elementor-heading-title.elementor-size-xl{font-size:39px}.elementor-widget-heading .elementor-heading-title.elementor-size-xxl{font-size:59px}<\/style><h2 class=\"elementor-heading-title elementor-size-default\">Consultant en R&D<\/h2>\t\t<\/div>\n\t\t\t\t<\/div>\n\t\t\t\t<div class=\"elementor-element elementor-element-cfac3b8 elementor-widget elementor-widget-text-editor\" data-id=\"cfac3b8\" data-element_type=\"widget\" data-widget_type=\"text-editor.default\">\n\t\t\t\t<div class=\"elementor-widget-container\">\n\t\t\t<style>\/*! elementor - v3.20.0 - 13-03-2024 *\/\n.elementor-widget-text-editor.elementor-drop-cap-view-stacked .elementor-drop-cap{background-color:#69727d;color:#fff}.elementor-widget-text-editor.elementor-drop-cap-view-framed .elementor-drop-cap{color:#69727d;border:3px solid;background-color:transparent}.elementor-widget-text-editor:not(.elementor-drop-cap-view-default) .elementor-drop-cap{margin-top:8px}.elementor-widget-text-editor:not(.elementor-drop-cap-view-default) .elementor-drop-cap-letter{width:1em;height:1em}.elementor-widget-text-editor .elementor-drop-cap{float:left;text-align:center;line-height:1;font-size:50px}.elementor-widget-text-editor .elementor-drop-cap-letter{display:inline-block}<\/style>\t\t\t\t<p>Optimisez vos projets R&amp;D avec nos services de consultant en mise en \u0153uvre de projet de recherche et d\u00e9veloppement. Chez SmartiaDev, nous vous accompagnons dans la conception et le d\u00e9veloppement de solutions techniques innovantes, tout en assurant une rigueur scientifique et une efficacit\u00e9 op\u00e9rationnelle.<\/p><div><p>Notre approche s\u2019appuie sur une expertise approfondie en ing\u00e9nierie pour transformer vos id\u00e9es en produits viables, en anticipant et r\u00e9solvant les d\u00e9fis techniques avant qu&#8217;ils ne deviennent des obstacles. Que ce soit pour le prototypage, les tests, ou la gestion de projet, notre \u00e9quipe d\u2019ing\u00e9nieurs qualifi\u00e9s vous aide \u00e0 r\u00e9duire les risques tout en maximisant la performance de vos d\u00e9veloppements.<\/p><p>Avec SmartiaDev, b\u00e9n\u00e9ficiez d\u2019un accompagnement personnalis\u00e9 \u00e0 chaque \u00e9tape du processus de R&amp;D. Nos services couvrent l&#8217;int\u00e9gralit\u00e9 du cycle de vie du produit, garantissant une transition fluide entre la phase de conception et la phase de production. Nous nous assurons que vos projets respectent les normes les plus strictes, tout en restant \u00e0 la pointe de l\u2019innovation technologique.<\/p><p>Faites confiance \u00e0 notre expertise en ing\u00e9nierie pour booster vos projets de R&amp;D. Contactez-nous d\u00e8s aujourd&#8217;hui pour transformer vos id\u00e9es en r\u00e9alit\u00e9 concr\u00e8te et propulser vos innovations vers le succ\u00e8s. Ensemble, nous fa\u00e7onnerons l&#8217;avenir de votre entreprise gr\u00e2ce \u00e0 une ing\u00e9nierie de pointe et \u00e0 une gestion de projet impeccable.<\/p><div class=\"yj6qo\">\u00a0<\/div><div class=\"adL\">\u00a0<\/div><\/div>\t\t\t\t\t\t<\/div>\n\t\t\t\t<\/div>\n\t\t\t\t<div class=\"elementor-element elementor-element-63db3e3 elementor-widget elementor-widget-button\" data-id=\"63db3e3\" data-element_type=\"widget\" data-widget_type=\"button.default\">\n\t\t\t\t<div class=\"elementor-widget-container\">\n\t\t\t\t\t<div class=\"elementor-button-wrapper\">\n\t\t\t<a class=\"elementor-button elementor-button-link elementor-size-sm\" href=\"https:\/\/smartiadev.com\/fr\/contact\/\">\n\t\t\t\t\t\t<span class=\"elementor-button-content-wrapper\">\n\t\t\t\t\t\t<span class=\"elementor-button-text\">PARLONS-EN<\/span>\n\t\t<\/span>\n\t\t\t\t\t<\/a>\n\t\t<\/div>\n\t\t\t\t<\/div>\n\t\t\t\t<\/div>\n\t\t\t\t\t<\/div>\n\t\t<\/div>\n\t\t\t\t<div class=\"elementor-column elementor-col-50 elementor-top-column elementor-element elementor-element-6a1b3a6 bs-sidebar dynamic-sidebar\" data-id=\"6a1b3a6\" data-element_type=\"column\">\n\t\t\t<div class=\"elementor-widget-wrap elementor-element-populated\">\n\t\t\t\t\t\t<div class=\"elementor-element elementor-element-57b5c86 elementor-widget elementor-widget-sidebar\" data-id=\"57b5c86\" data-element_type=\"widget\" data-widget_type=\"sidebar.default\">\n\t\t\t\t<div class=\"elementor-widget-container\">\n\t\t\t<div id=\"nav_menu-1\" class=\"service-singles widget widget_nav_menu\"><div class=\"menu-services-container\"><ul id=\"menu-services\" class=\"menu\"><li id=\"menu-item-14445\" class=\"menu-item menu-item-type-post_type menu-item-object-page menu-item-14445\"><a href=\"https:\/\/smartiadev.com\/fr\/services\/conseil-en-ia-et-science-des-donnees\/\">Conseil en IA et science des donn\u00e9es<\/a><\/li>\n<li id=\"menu-item-15290\" class=\"menu-item menu-item-type-post_type menu-item-object-page menu-item-15290\"><a href=\"https:\/\/smartiadev.com\/fr\/services\/ingenierie-en-rd\/\">Consultant en R&amp;D<\/a><\/li>\n<li id=\"menu-item-14447\" class=\"menu-item menu-item-type-post_type menu-item-object-page menu-item-14447\"><a href=\"https:\/\/smartiadev.com\/fr\/services\/analyse-des-opportunites-dia\/\">Analyse des opportunit\u00e9s d\u2019IA<\/a><\/li>\n<li id=\"menu-item-14446\" class=\"menu-item menu-item-type-post_type menu-item-object-page menu-item-14446\"><a href=\"https:\/\/smartiadev.com\/fr\/services\/ai-integration\/\">AI Int\u00e9gration<\/a><\/li>\n<li id=\"menu-item-14444\" class=\"menu-item menu-item-type-post_type menu-item-object-page menu-item-14444\"><a href=\"https:\/\/smartiadev.com\/fr\/services\/academie\/\">Academie<\/a><\/li>\n<\/ul><\/div><\/div>\t\t<\/div>\n\t\t\t\t<\/div>\n\t\t\t\t\t<\/div>\n\t\t<\/div>\n\t\t\t\t\t<\/div>\n\t\t<\/section>\n\t\t\t\t<\/div>\n\t\t","protected":false},"excerpt":{"rendered":"<p>Consultant en R&#038;D Optimisez vos projets R&amp;D avec nos services de consultant en mise en \u0153uvre de projet de recherche et d\u00e9veloppement. Chez SmartiaDev, nous vous accompagnons dans la conception et le d\u00e9veloppement de solutions techniques innovantes, tout en assurant une rigueur scientifique et une efficacit\u00e9 op\u00e9rationnelle. Notre approche s\u2019appuie sur une expertise approfondie en&#8230;<\/p>\n","protected":false},"author":1,"featured_media":0,"parent":13468,"menu_order":0,"comment_status":"closed","ping_status":"closed","template":"","meta":{"footnotes":""},"class_list":["post-15268","page","type-page","status-publish","hentry"],"_links":{"self":[{"href":"https:\/\/smartiadev.com\/fr\/wp-json\/wp\/v2\/pages\/15268","targetHints":{"allow":["GET"]}}],"collection":[{"href":"https:\/\/smartiadev.com\/fr\/wp-json\/wp\/v2\/pages"}],"about":[{"href":"https:\/\/smartiadev.com\/fr\/wp-json\/wp\/v2\/types\/page"}],"author":[{"embeddable":true,"href":"https:\/\/smartiadev.com\/fr\/wp-json\/wp\/v2\/users\/1"}],"replies":[{"embeddable":true,"href":"https:\/\/smartiadev.com\/fr\/wp-json\/wp\/v2\/comments?post=15268"}],"version-history":[{"count":11,"href":"https:\/\/smartiadev.com\/fr\/wp-json\/wp\/v2\/pages\/15268\/revisions"}],"predecessor-version":[{"id":15319,"href":"https:\/\/smartiadev.com\/fr\/wp-json\/wp\/v2\/pages\/15268\/revisions\/15319"}],"up":[{"embeddable":true,"href":"https:\/\/smartiadev.com\/fr\/wp-json\/wp\/v2\/pages\/13468"}],"wp:attachment":[{"href":"https:\/\/smartiadev.com\/fr\/wp-json\/wp\/v2\/media?parent=15268"}],"curies":[{"name":"wp","href":"https:\/\/api.w.org\/{rel}","templated":true}]}}