{"id":15055,"date":"2024-05-02T23:03:52","date_gmt":"2024-05-02T21:03:52","guid":{"rendered":"https:\/\/smartiadev.com\/?page_id=15055"},"modified":"2024-05-24T01:32:29","modified_gmt":"2024-05-23T23:32:29","slug":"ai-context","status":"publish","type":"page","link":"https:\/\/smartiadev.com\/fr\/ai-context\/","title":{"rendered":"AI Context"},"content":{"rendered":"\t\t<div data-elementor-type=\"wp-page\" data-elementor-id=\"15055\" class=\"elementor elementor-15055\">\n\t\t\t\t<div class=\"elementor-element elementor-element-74ca551 e-flex e-con-boxed e-con e-parent\" data-id=\"74ca551\" data-element_type=\"container\" data-core-v316-plus=\"true\">\n\t\t\t\t\t<div class=\"e-con-inner\">\n\t\t<div class=\"elementor-element elementor-element-8c6b82e e-con-full e-flex e-con e-child\" data-id=\"8c6b82e\" data-element_type=\"container\">\n\t\t\t\t<div class=\"elementor-element elementor-element-b1c61fb elementor-widget elementor-widget-heading\" data-id=\"b1c61fb\" data-element_type=\"widget\" data-widget_type=\"heading.default\">\n\t\t\t\t<div class=\"elementor-widget-container\">\n\t\t\t<style>\/*! elementor - v3.20.0 - 13-03-2024 *\/\n.elementor-heading-title{padding:0;margin:0;line-height:1}.elementor-widget-heading .elementor-heading-title[class*=elementor-size-]>a{color:inherit;font-size:inherit;line-height:inherit}.elementor-widget-heading .elementor-heading-title.elementor-size-small{font-size:15px}.elementor-widget-heading .elementor-heading-title.elementor-size-medium{font-size:19px}.elementor-widget-heading .elementor-heading-title.elementor-size-large{font-size:29px}.elementor-widget-heading .elementor-heading-title.elementor-size-xl{font-size:39px}.elementor-widget-heading .elementor-heading-title.elementor-size-xxl{font-size:59px}<\/style><h2 class=\"elementor-heading-title elementor-size-default\">SmartiaDev<\/h2>\t\t<\/div>\n\t\t\t\t<\/div>\n\t\t\t\t<div class=\"elementor-element elementor-element-240b989 elementor-widget elementor-widget-text-editor\" data-id=\"240b989\" data-element_type=\"widget\" data-widget_type=\"text-editor.default\">\n\t\t\t\t<div class=\"elementor-widget-container\">\n\t\t\t<style>\/*! elementor - v3.20.0 - 13-03-2024 *\/\n.elementor-widget-text-editor.elementor-drop-cap-view-stacked .elementor-drop-cap{background-color:#69727d;color:#fff}.elementor-widget-text-editor.elementor-drop-cap-view-framed .elementor-drop-cap{color:#69727d;border:3px solid;background-color:transparent}.elementor-widget-text-editor:not(.elementor-drop-cap-view-default) .elementor-drop-cap{margin-top:8px}.elementor-widget-text-editor:not(.elementor-drop-cap-view-default) .elementor-drop-cap-letter{width:1em;height:1em}.elementor-widget-text-editor .elementor-drop-cap{float:left;text-align:center;line-height:1;font-size:50px}.elementor-widget-text-editor .elementor-drop-cap-letter{display:inline-block}<\/style>\t\t\t\t<p>Chez SmartiaDev, nous comprenons les difficult\u00e9s et les pi\u00e8ges potentiels li\u00e9s \u00e0 l&#8217;int\u00e9gration de l&#8217;IA dans votre entreprise. Les probl\u00e8mes de s\u00e9curit\u00e9 et de confidentialit\u00e9 sont au premier plan pour vous prot\u00e9ger contre les probl\u00e8mes financiers d\u00e9coulant des violations de donn\u00e9es. Nous accordons \u00e9galement la priorit\u00e9 au respect des normes l\u00e9gales pour prot\u00e9ger la r\u00e9putation de votre entreprise et \u00e9viter toute responsabilit\u00e9.<\/p><p>Notre objectif est de mettre en \u0153uvre des strat\u00e9gies qui maintiennent la confiance des clients et assurent le succ\u00e8s \u00e0 long terme. Traiter des pr\u00e9occupations telles que le remplacement des emplois, l&#8217;incertitude des d\u00e9cisions en mati\u00e8re d&#8217;IA et les obstacles \u00e0 l&#8217;int\u00e9gration est une priorit\u00e9 pour nous. Nos solutions d&#8217;IA sont con\u00e7ues pour \u00eatre align\u00e9es sur les objectifs de votre entreprise, am\u00e9liorer l&#8217;efficacit\u00e9 et renforcer les performances sans cr\u00e9er une d\u00e9pendance excessive \u00e0 la technologie.<\/p><p>Choisissez SmartiaDev pour des solutions d&#8217;IA de pointe personnalis\u00e9es pour minimiser les risques et accro\u00eetre la croissance et la productivit\u00e9 de votre entreprise. Contactez-nous d\u00e8s aujourd&#8217;hui pour transformer ces d\u00e9fis en opportunit\u00e9s, pour votre avantage.<\/p>\t\t\t\t\t\t<\/div>\n\t\t\t\t<\/div>\n\t\t\t\t<\/div>\n\t\t<div class=\"elementor-element elementor-element-a35136b e-con-full e-flex e-con e-child\" data-id=\"a35136b\" data-element_type=\"container\">\n\t\t\t\t<div class=\"elementor-element elementor-element-21e1a92 elementor-widget elementor-widget-spacer\" data-id=\"21e1a92\" data-element_type=\"widget\" data-widget_type=\"spacer.default\">\n\t\t\t\t<div class=\"elementor-widget-container\">\n\t\t\t<style>\/*! elementor - v3.20.0 - 13-03-2024 *\/\n.elementor-column .elementor-spacer-inner{height:var(--spacer-size)}.e-con{--container-widget-width:100%}.e-con-inner>.elementor-widget-spacer,.e-con>.elementor-widget-spacer{width:var(--container-widget-width,var(--spacer-size));--align-self:var(--container-widget-align-self,initial);--flex-shrink:0}.e-con-inner>.elementor-widget-spacer>.elementor-widget-container,.e-con>.elementor-widget-spacer>.elementor-widget-container{height:100%;width:100%}.e-con-inner>.elementor-widget-spacer>.elementor-widget-container>.elementor-spacer,.e-con>.elementor-widget-spacer>.elementor-widget-container>.elementor-spacer{height:100%}.e-con-inner>.elementor-widget-spacer>.elementor-widget-container>.elementor-spacer>.elementor-spacer-inner,.e-con>.elementor-widget-spacer>.elementor-widget-container>.elementor-spacer>.elementor-spacer-inner{height:var(--container-widget-height,var(--spacer-size))}.e-con-inner>.elementor-widget-spacer.elementor-widget-empty,.e-con>.elementor-widget-spacer.elementor-widget-empty{position:relative;min-height:22px;min-width:22px}.e-con-inner>.elementor-widget-spacer.elementor-widget-empty .elementor-widget-empty-icon,.e-con>.elementor-widget-spacer.elementor-widget-empty .elementor-widget-empty-icon{position:absolute;top:0;bottom:0;left:0;right:0;margin:auto;padding:0;width:22px;height:22px}<\/style>\t\t<div class=\"elementor-spacer\">\n\t\t\t<div class=\"elementor-spacer-inner\"><\/div>\n\t\t<\/div>\n\t\t\t\t<\/div>\n\t\t\t\t<\/div>\n\t\t\t\t<div class=\"elementor-element elementor-element-9839283 elementor-widget elementor-widget-image\" data-id=\"9839283\" data-element_type=\"widget\" data-widget_type=\"image.default\">\n\t\t\t\t<div class=\"elementor-widget-container\">\n\t\t\t<style>\/*! elementor - v3.20.0 - 13-03-2024 *\/\n.elementor-widget-image{text-align:center}.elementor-widget-image a{display:inline-block}.elementor-widget-image a img[src$=\".svg\"]{width:48px}.elementor-widget-image img{vertical-align:middle;display:inline-block}<\/style>\t\t\t\t\t\t\t\t\t\t<img fetchpriority=\"high\" decoding=\"async\" width=\"640\" height=\"360\" src=\"https:\/\/smartiadev.com\/fr\/wp-content\/uploads\/2020\/11\/Image-of-a-human-made-up-of-lit-up-lines-touching-a-graphic-which-reads-NLP-1030x579-1-1024x576.jpg\" class=\"attachment-large size-large wp-image-14481\" alt=\"\" srcset=\"https:\/\/smartiadev.com\/fr\/wp-content\/uploads\/2020\/11\/Image-of-a-human-made-up-of-lit-up-lines-touching-a-graphic-which-reads-NLP-1030x579-1-1024x576.jpg 1024w, https:\/\/smartiadev.com\/fr\/wp-content\/uploads\/2020\/11\/Image-of-a-human-made-up-of-lit-up-lines-touching-a-graphic-which-reads-NLP-1030x579-1-300x169.jpg 300w, https:\/\/smartiadev.com\/fr\/wp-content\/uploads\/2020\/11\/Image-of-a-human-made-up-of-lit-up-lines-touching-a-graphic-which-reads-NLP-1030x579-1-768x432.jpg 768w, https:\/\/smartiadev.com\/fr\/wp-content\/uploads\/2020\/11\/Image-of-a-human-made-up-of-lit-up-lines-touching-a-graphic-which-reads-NLP-1030x579-1-600x337.jpg 600w, https:\/\/smartiadev.com\/fr\/wp-content\/uploads\/2020\/11\/Image-of-a-human-made-up-of-lit-up-lines-touching-a-graphic-which-reads-NLP-1030x579-1.jpg 1030w\" sizes=\"(max-width: 640px) 100vw, 640px\" \/>\t\t\t\t\t\t\t\t\t\t\t\t\t<\/div>\n\t\t\t\t<\/div>\n\t\t\t\t<\/div>\n\t\t\t\t\t<\/div>\n\t\t\t\t<\/div>\n\t\t\t\t<\/div>\n\t\t","protected":false},"excerpt":{"rendered":"<p>SmartiaDev Chez SmartiaDev, nous comprenons les difficult\u00e9s et les pi\u00e8ges potentiels li\u00e9s \u00e0 l&#8217;int\u00e9gration de l&#8217;IA dans votre entreprise. Les probl\u00e8mes de s\u00e9curit\u00e9 et de confidentialit\u00e9 sont au premier plan pour vous prot\u00e9ger contre les probl\u00e8mes financiers d\u00e9coulant des violations de donn\u00e9es. Nous accordons \u00e9galement la priorit\u00e9 au respect des normes l\u00e9gales pour prot\u00e9ger la&#8230;<\/p>\n","protected":false},"author":1,"featured_media":0,"parent":0,"menu_order":0,"comment_status":"closed","ping_status":"closed","template":"","meta":{"footnotes":""},"class_list":["post-15055","page","type-page","status-publish","hentry"],"_links":{"self":[{"href":"https:\/\/smartiadev.com\/fr\/wp-json\/wp\/v2\/pages\/15055","targetHints":{"allow":["GET"]}}],"collection":[{"href":"https:\/\/smartiadev.com\/fr\/wp-json\/wp\/v2\/pages"}],"about":[{"href":"https:\/\/smartiadev.com\/fr\/wp-json\/wp\/v2\/types\/page"}],"author":[{"embeddable":true,"href":"https:\/\/smartiadev.com\/fr\/wp-json\/wp\/v2\/users\/1"}],"replies":[{"embeddable":true,"href":"https:\/\/smartiadev.com\/fr\/wp-json\/wp\/v2\/comments?post=15055"}],"version-history":[{"count":10,"href":"https:\/\/smartiadev.com\/fr\/wp-json\/wp\/v2\/pages\/15055\/revisions"}],"predecessor-version":[{"id":15188,"href":"https:\/\/smartiadev.com\/fr\/wp-json\/wp\/v2\/pages\/15055\/revisions\/15188"}],"wp:attachment":[{"href":"https:\/\/smartiadev.com\/fr\/wp-json\/wp\/v2\/media?parent=15055"}],"curies":[{"name":"wp","href":"https:\/\/api.w.org\/{rel}","templated":true}]}}