{"id":13597,"date":"2023-07-18T21:28:09","date_gmt":"2023-07-18T21:28:09","guid":{"rendered":"https:\/\/business.reobiztheme.com\/?page_id=13597"},"modified":"2024-08-12T00:43:22","modified_gmt":"2024-08-11T22:43:22","slug":"analyse-des-opportunites-dia","status":"publish","type":"page","link":"https:\/\/smartiadev.com\/fr\/services\/analyse-des-opportunites-dia\/","title":{"rendered":"Analyse des opportunit\u00e9s d&#8217;IA"},"content":{"rendered":"\t\t<div data-elementor-type=\"wp-page\" data-elementor-id=\"13597\" class=\"elementor elementor-13597\">\n\t\t\t\t\t\t<section class=\"elementor-section elementor-top-section elementor-element elementor-element-403848e elementor-section-boxed elementor-section-height-default elementor-section-height-default\" data-id=\"403848e\" data-element_type=\"section\">\n\t\t\t\t\t\t<div class=\"elementor-container elementor-column-gap-default\">\n\t\t\t\t\t<div class=\"elementor-column elementor-col-50 elementor-top-column elementor-element elementor-element-8420fd5\" data-id=\"8420fd5\" data-element_type=\"column\">\n\t\t\t<div class=\"elementor-widget-wrap elementor-element-populated\">\n\t\t\t\t\t\t<div class=\"elementor-element elementor-element-d459480 elementor-widget elementor-widget-image\" data-id=\"d459480\" data-element_type=\"widget\" data-widget_type=\"image.default\">\n\t\t\t\t<div class=\"elementor-widget-container\">\n\t\t\t<style>\/*! elementor - v3.20.0 - 13-03-2024 *\/\n.elementor-widget-image{text-align:center}.elementor-widget-image a{display:inline-block}.elementor-widget-image a img[src$=\".svg\"]{width:48px}.elementor-widget-image img{vertical-align:middle;display:inline-block}<\/style>\t\t\t\t\t\t\t\t\t\t<img fetchpriority=\"high\" decoding=\"async\" width=\"800\" height=\"534\" src=\"https:\/\/smartiadev.com\/fr\/wp-content\/uploads\/2023\/07\/3s.jpg\" class=\"attachment-full size-full wp-image-13955\" alt=\"\" srcset=\"https:\/\/smartiadev.com\/fr\/wp-content\/uploads\/2023\/07\/3s.jpg 800w, https:\/\/smartiadev.com\/fr\/wp-content\/uploads\/2023\/07\/3s-600x401.jpg 600w, https:\/\/smartiadev.com\/fr\/wp-content\/uploads\/2023\/07\/3s-300x200.jpg 300w, https:\/\/smartiadev.com\/fr\/wp-content\/uploads\/2023\/07\/3s-768x513.jpg 768w, https:\/\/smartiadev.com\/fr\/wp-content\/uploads\/2023\/07\/3s-365x243.jpg 365w\" sizes=\"(max-width: 800px) 100vw, 800px\" \/>\t\t\t\t\t\t\t\t\t\t\t\t\t<\/div>\n\t\t\t\t<\/div>\n\t\t\t\t<div class=\"elementor-element elementor-element-ef2444a elementor-widget elementor-widget-heading\" data-id=\"ef2444a\" data-element_type=\"widget\" data-widget_type=\"heading.default\">\n\t\t\t\t<div class=\"elementor-widget-container\">\n\t\t\t<style>\/*! elementor - v3.20.0 - 13-03-2024 *\/\n.elementor-heading-title{padding:0;margin:0;line-height:1}.elementor-widget-heading .elementor-heading-title[class*=elementor-size-]>a{color:inherit;font-size:inherit;line-height:inherit}.elementor-widget-heading .elementor-heading-title.elementor-size-small{font-size:15px}.elementor-widget-heading .elementor-heading-title.elementor-size-medium{font-size:19px}.elementor-widget-heading .elementor-heading-title.elementor-size-large{font-size:29px}.elementor-widget-heading .elementor-heading-title.elementor-size-xl{font-size:39px}.elementor-widget-heading .elementor-heading-title.elementor-size-xxl{font-size:59px}<\/style><h2 class=\"elementor-heading-title elementor-size-default\">Analyse Des Opportunit\u00e9s En IA<\/h2>\t\t<\/div>\n\t\t\t\t<\/div>\n\t\t\t\t<div class=\"elementor-element elementor-element-1ad1e5b elementor-widget elementor-widget-text-editor\" data-id=\"1ad1e5b\" data-element_type=\"widget\" data-widget_type=\"text-editor.default\">\n\t\t\t\t<div class=\"elementor-widget-container\">\n\t\t\t<style>\/*! elementor - v3.20.0 - 13-03-2024 *\/\n.elementor-widget-text-editor.elementor-drop-cap-view-stacked .elementor-drop-cap{background-color:#69727d;color:#fff}.elementor-widget-text-editor.elementor-drop-cap-view-framed .elementor-drop-cap{color:#69727d;border:3px solid;background-color:transparent}.elementor-widget-text-editor:not(.elementor-drop-cap-view-default) .elementor-drop-cap{margin-top:8px}.elementor-widget-text-editor:not(.elementor-drop-cap-view-default) .elementor-drop-cap-letter{width:1em;height:1em}.elementor-widget-text-editor .elementor-drop-cap{float:left;text-align:center;line-height:1;font-size:50px}.elementor-widget-text-editor .elementor-drop-cap-letter{display:inline-block}<\/style>\t\t\t\t<p>Simplifiez vos projets de Recherche et D\u00e9veloppement (R&amp;D) avec nos services de planification strat\u00e9gique ! Chez SmartiaDev, nous nous sp\u00e9cialisons dans l&#8217;aide aux entreprises pour d\u00e9finir des objectifs clairs, planifier des \u00e9tapes r\u00e9alisables, allouer efficacement les ressources et g\u00e9rer les risques de mani\u00e8re proactive tout au long de leur parcours R&amp;D.<\/p><p>Nos services de planification sont con\u00e7us pour rationaliser le processus de d\u00e9veloppement, vous fournissant une feuille de route structur\u00e9e vers le succ\u00e8s. En d\u00e9finissant clairement les objectifs et en d\u00e9crivant les \u00e9tapes n\u00e9cessaires pour les atteindre, nous veillons \u00e0 ce que vos projets de R&amp;D progressent de mani\u00e8re fluide et efficace.<\/p><p>Que vous lanciez un nouveau produit, am\u00e9lioriez des technologies existantes ou exploriez des solutions innovantes, notre \u00e9quipe exp\u00e9riment\u00e9e travaillera en \u00e9troite collaboration avec vous pour \u00e9laborer une feuille de route adapt\u00e9e \u00e0 vos objectifs commerciaux et maximiser vos chances de succ\u00e8s.<\/p><p>Avec notre approche globale de la planification, vous pouvez \u00eatre assur\u00e9 que vos projets de R&amp;D sont entre de bonnes mains. Nous vous guiderons \u00e0 chaque \u00e9tape du processus, de la planification initiale \u00e0 la mise en \u0153uvre finale, en vous fournissant un soutien et des perspectives d&#8217;experts tout au long du chemin.<\/p><p>Ne laissez pas les complexit\u00e9s de la R&amp;D vous freiner. Contactez-nous d\u00e8s aujourd&#8217;hui pour lancer votre parcours R&amp;D avec confiance et clart\u00e9. Ensemble, nous naviguerons sur le chemin de l&#8217;innovation et propulserons votre entreprise vers l&#8217;avant.<\/p>\t\t\t\t\t\t<\/div>\n\t\t\t\t<\/div>\n\t\t\t\t<div class=\"elementor-element elementor-element-100cf6a elementor-widget elementor-widget-spacer\" data-id=\"100cf6a\" data-element_type=\"widget\" data-widget_type=\"spacer.default\">\n\t\t\t\t<div class=\"elementor-widget-container\">\n\t\t\t<style>\/*! elementor - v3.20.0 - 13-03-2024 *\/\n.elementor-column .elementor-spacer-inner{height:var(--spacer-size)}.e-con{--container-widget-width:100%}.e-con-inner>.elementor-widget-spacer,.e-con>.elementor-widget-spacer{width:var(--container-widget-width,var(--spacer-size));--align-self:var(--container-widget-align-self,initial);--flex-shrink:0}.e-con-inner>.elementor-widget-spacer>.elementor-widget-container,.e-con>.elementor-widget-spacer>.elementor-widget-container{height:100%;width:100%}.e-con-inner>.elementor-widget-spacer>.elementor-widget-container>.elementor-spacer,.e-con>.elementor-widget-spacer>.elementor-widget-container>.elementor-spacer{height:100%}.e-con-inner>.elementor-widget-spacer>.elementor-widget-container>.elementor-spacer>.elementor-spacer-inner,.e-con>.elementor-widget-spacer>.elementor-widget-container>.elementor-spacer>.elementor-spacer-inner{height:var(--container-widget-height,var(--spacer-size))}.e-con-inner>.elementor-widget-spacer.elementor-widget-empty,.e-con>.elementor-widget-spacer.elementor-widget-empty{position:relative;min-height:22px;min-width:22px}.e-con-inner>.elementor-widget-spacer.elementor-widget-empty .elementor-widget-empty-icon,.e-con>.elementor-widget-spacer.elementor-widget-empty .elementor-widget-empty-icon{position:absolute;top:0;bottom:0;left:0;right:0;margin:auto;padding:0;width:22px;height:22px}<\/style>\t\t<div class=\"elementor-spacer\">\n\t\t\t<div class=\"elementor-spacer-inner\"><\/div>\n\t\t<\/div>\n\t\t\t\t<\/div>\n\t\t\t\t<\/div>\n\t\t\t\t<div class=\"elementor-element elementor-element-dfe4414 elementor-widget elementor-widget-button\" data-id=\"dfe4414\" data-element_type=\"widget\" data-widget_type=\"button.default\">\n\t\t\t\t<div class=\"elementor-widget-container\">\n\t\t\t\t\t<div class=\"elementor-button-wrapper\">\n\t\t\t<a class=\"elementor-button elementor-button-link elementor-size-sm\" href=\"https:\/\/smartiadev.com\/fr\/contact\/\">\n\t\t\t\t\t\t<span class=\"elementor-button-content-wrapper\">\n\t\t\t\t\t\t<span class=\"elementor-button-text\">PARLONS-EN<\/span>\n\t\t<\/span>\n\t\t\t\t\t<\/a>\n\t\t<\/div>\n\t\t\t\t<\/div>\n\t\t\t\t<\/div>\n\t\t\t\t\t<\/div>\n\t\t<\/div>\n\t\t\t\t<div class=\"elementor-column elementor-col-50 elementor-top-column elementor-element elementor-element-ce5111a bs-sidebar dynamic-sidebar\" data-id=\"ce5111a\" data-element_type=\"column\">\n\t\t\t<div class=\"elementor-widget-wrap elementor-element-populated\">\n\t\t\t\t\t\t<div class=\"elementor-element elementor-element-f316f3b elementor-widget elementor-widget-sidebar\" data-id=\"f316f3b\" data-element_type=\"widget\" data-widget_type=\"sidebar.default\">\n\t\t\t\t<div class=\"elementor-widget-container\">\n\t\t\t<div id=\"nav_menu-1\" class=\"service-singles widget widget_nav_menu\"><div class=\"menu-services-container\"><ul id=\"menu-services\" class=\"menu\"><li id=\"menu-item-14445\" class=\"menu-item menu-item-type-post_type menu-item-object-page menu-item-14445\"><a href=\"https:\/\/smartiadev.com\/fr\/services\/conseil-en-ia-et-science-des-donnees\/\">Conseil en IA et science des donn\u00e9es<\/a><\/li>\n<li id=\"menu-item-15290\" class=\"menu-item menu-item-type-post_type menu-item-object-page menu-item-15290\"><a href=\"https:\/\/smartiadev.com\/fr\/services\/ingenierie-en-rd\/\">Consultant en R&amp;D<\/a><\/li>\n<li id=\"menu-item-14447\" class=\"menu-item menu-item-type-post_type menu-item-object-page menu-item-14447\"><a href=\"https:\/\/smartiadev.com\/fr\/services\/analyse-des-opportunites-dia\/\">Analyse des opportunit\u00e9s d\u2019IA<\/a><\/li>\n<li id=\"menu-item-14446\" class=\"menu-item menu-item-type-post_type menu-item-object-page menu-item-14446\"><a href=\"https:\/\/smartiadev.com\/fr\/services\/ai-integration\/\">AI Int\u00e9gration<\/a><\/li>\n<li id=\"menu-item-14444\" class=\"menu-item menu-item-type-post_type menu-item-object-page menu-item-14444\"><a href=\"https:\/\/smartiadev.com\/fr\/services\/academie\/\">Academie<\/a><\/li>\n<\/ul><\/div><\/div>\t\t<\/div>\n\t\t\t\t<\/div>\n\t\t\t\t\t<\/div>\n\t\t<\/div>\n\t\t\t\t\t<\/div>\n\t\t<\/section>\n\t\t\t\t<\/div>\n\t\t","protected":false},"excerpt":{"rendered":"<p>Analyse Des Opportunit\u00e9s En IA Simplifiez vos projets de Recherche et D\u00e9veloppement (R&amp;D) avec nos services de planification strat\u00e9gique ! Chez SmartiaDev, nous nous sp\u00e9cialisons dans l&#8217;aide aux entreprises pour d\u00e9finir des objectifs clairs, planifier des \u00e9tapes r\u00e9alisables, allouer efficacement les ressources et g\u00e9rer les risques de mani\u00e8re proactive tout au long de leur parcours&#8230;<\/p>\n","protected":false},"author":1,"featured_media":0,"parent":13468,"menu_order":0,"comment_status":"closed","ping_status":"closed","template":"","meta":{"footnotes":""},"class_list":["post-13597","page","type-page","status-publish","hentry"],"_links":{"self":[{"href":"https:\/\/smartiadev.com\/fr\/wp-json\/wp\/v2\/pages\/13597","targetHints":{"allow":["GET"]}}],"collection":[{"href":"https:\/\/smartiadev.com\/fr\/wp-json\/wp\/v2\/pages"}],"about":[{"href":"https:\/\/smartiadev.com\/fr\/wp-json\/wp\/v2\/types\/page"}],"author":[{"embeddable":true,"href":"https:\/\/smartiadev.com\/fr\/wp-json\/wp\/v2\/users\/1"}],"replies":[{"embeddable":true,"href":"https:\/\/smartiadev.com\/fr\/wp-json\/wp\/v2\/comments?post=13597"}],"version-history":[{"count":65,"href":"https:\/\/smartiadev.com\/fr\/wp-json\/wp\/v2\/pages\/13597\/revisions"}],"predecessor-version":[{"id":15245,"href":"https:\/\/smartiadev.com\/fr\/wp-json\/wp\/v2\/pages\/13597\/revisions\/15245"}],"up":[{"embeddable":true,"href":"https:\/\/smartiadev.com\/fr\/wp-json\/wp\/v2\/pages\/13468"}],"wp:attachment":[{"href":"https:\/\/smartiadev.com\/fr\/wp-json\/wp\/v2\/media?parent=13597"}],"curies":[{"name":"wp","href":"https:\/\/api.w.org\/{rel}","templated":true}]}}