{"id":13595,"date":"2023-07-18T21:27:40","date_gmt":"2023-07-18T21:27:40","guid":{"rendered":"https:\/\/business.reobiztheme.com\/?page_id=13595"},"modified":"2024-08-12T00:44:22","modified_gmt":"2024-08-11T22:44:22","slug":"academie","status":"publish","type":"page","link":"https:\/\/smartiadev.com\/fr\/services\/academie\/","title":{"rendered":"Academie"},"content":{"rendered":"\t\t<div data-elementor-type=\"wp-page\" data-elementor-id=\"13595\" class=\"elementor elementor-13595\">\n\t\t\t\t\t\t<section class=\"elementor-section elementor-top-section elementor-element elementor-element-42c31de elementor-section-boxed elementor-section-height-default elementor-section-height-default\" data-id=\"42c31de\" data-element_type=\"section\">\n\t\t\t\t\t\t<div class=\"elementor-container elementor-column-gap-default\">\n\t\t\t\t\t<div class=\"elementor-column elementor-col-50 elementor-top-column elementor-element elementor-element-c3cc26e\" data-id=\"c3cc26e\" data-element_type=\"column\">\n\t\t\t<div class=\"elementor-widget-wrap elementor-element-populated\">\n\t\t\t\t\t\t<div class=\"elementor-element elementor-element-123448b elementor-widget elementor-widget-image\" data-id=\"123448b\" data-element_type=\"widget\" data-widget_type=\"image.default\">\n\t\t\t\t<div class=\"elementor-widget-container\">\n\t\t\t<style>\/*! elementor - v3.20.0 - 13-03-2024 *\/\n.elementor-widget-image{text-align:center}.elementor-widget-image a{display:inline-block}.elementor-widget-image a img[src$=\".svg\"]{width:48px}.elementor-widget-image img{vertical-align:middle;display:inline-block}<\/style>\t\t\t\t\t\t\t\t\t\t<img fetchpriority=\"high\" decoding=\"async\" width=\"800\" height=\"534\" src=\"https:\/\/smartiadev.com\/fr\/wp-content\/uploads\/2023\/07\/4s.jpg\" class=\"attachment-full size-full wp-image-13961\" alt=\"\" srcset=\"https:\/\/smartiadev.com\/fr\/wp-content\/uploads\/2023\/07\/4s.jpg 800w, https:\/\/smartiadev.com\/fr\/wp-content\/uploads\/2023\/07\/4s-600x401.jpg 600w, https:\/\/smartiadev.com\/fr\/wp-content\/uploads\/2023\/07\/4s-300x200.jpg 300w, https:\/\/smartiadev.com\/fr\/wp-content\/uploads\/2023\/07\/4s-768x513.jpg 768w, https:\/\/smartiadev.com\/fr\/wp-content\/uploads\/2023\/07\/4s-365x243.jpg 365w\" sizes=\"(max-width: 800px) 100vw, 800px\" \/>\t\t\t\t\t\t\t\t\t\t\t\t\t<\/div>\n\t\t\t\t<\/div>\n\t\t\t\t<div class=\"elementor-element elementor-element-bf0da9f elementor-widget elementor-widget-heading\" data-id=\"bf0da9f\" data-element_type=\"widget\" data-widget_type=\"heading.default\">\n\t\t\t\t<div class=\"elementor-widget-container\">\n\t\t\t<style>\/*! elementor - v3.20.0 - 13-03-2024 *\/\n.elementor-heading-title{padding:0;margin:0;line-height:1}.elementor-widget-heading .elementor-heading-title[class*=elementor-size-]>a{color:inherit;font-size:inherit;line-height:inherit}.elementor-widget-heading .elementor-heading-title.elementor-size-small{font-size:15px}.elementor-widget-heading .elementor-heading-title.elementor-size-medium{font-size:19px}.elementor-widget-heading .elementor-heading-title.elementor-size-large{font-size:29px}.elementor-widget-heading .elementor-heading-title.elementor-size-xl{font-size:39px}.elementor-widget-heading .elementor-heading-title.elementor-size-xxl{font-size:59px}<\/style><h2 class=\"elementor-heading-title elementor-size-default\">Acad\u00e9mie<\/h2>\t\t<\/div>\n\t\t\t\t<\/div>\n\t\t\t\t<div class=\"elementor-element elementor-element-cfac3b8 elementor-widget elementor-widget-text-editor\" data-id=\"cfac3b8\" data-element_type=\"widget\" data-widget_type=\"text-editor.default\">\n\t\t\t\t<div class=\"elementor-widget-container\">\n\t\t\t<style>\/*! elementor - v3.20.0 - 13-03-2024 *\/\n.elementor-widget-text-editor.elementor-drop-cap-view-stacked .elementor-drop-cap{background-color:#69727d;color:#fff}.elementor-widget-text-editor.elementor-drop-cap-view-framed .elementor-drop-cap{color:#69727d;border:3px solid;background-color:transparent}.elementor-widget-text-editor:not(.elementor-drop-cap-view-default) .elementor-drop-cap{margin-top:8px}.elementor-widget-text-editor:not(.elementor-drop-cap-view-default) .elementor-drop-cap-letter{width:1em;height:1em}.elementor-widget-text-editor .elementor-drop-cap{float:left;text-align:center;line-height:1;font-size:50px}.elementor-widget-text-editor .elementor-drop-cap-letter{display:inline-block}<\/style>\t\t\t\t<p>Explorez l&#8217;avenir de l&#8217;IA et de la science des donn\u00e9es avec les cours dirig\u00e9s par des experts de SmartiaDev ! Dans notre environnement d&#8217;apprentissage dynamique, vous plongerez au c\u0153ur des technologies de pointe et \u00e9mergerez \u00e9quip\u00e9 des comp\u00e9tences n\u00e9cessaires pour prosp\u00e9rer dans le paysage num\u00e9rique en \u00e9volution rapide d&#8217;aujourd&#8217;hui.<\/p><p>Nos cours sont con\u00e7us et dirig\u00e9s par des experts de l&#8217;industrie ayant une vaste exp\u00e9rience en IA et en science des donn\u00e9es. Que vous soyez un professionnel chevronn\u00e9 cherchant \u00e0 \u00e9largir vos connaissances ou un d\u00e9butant d\u00e9sireux d&#8217;explorer ce domaine passionnant, notre programme s&#8217;adresse aux apprenants de tous niveaux.<\/p><p>Gr\u00e2ce \u00e0 des projets pratiques, des \u00e9tudes de cas du monde r\u00e9el et des discussions interactives, vous acquerrez une exp\u00e9rience pratique et un aper\u00e7u des derni\u00e8res avanc\u00e9es en mati\u00e8re d&#8217;IA et de science des donn\u00e9es. Des algorithmes d&#8217;apprentissage automatique aux techniques de traitement du langage naturel, nos cours couvrent un large \u00e9ventail de sujets, garantissant que vous acqu\u00e9rez une compr\u00e9hension compl\u00e8te du domaine.<\/p><p>Rejoignez-nous et faites partie d&#8217;une communaut\u00e9 dynamique d&#8217;apprenants passionn\u00e9s par l&#8217;exploitation du pouvoir de l&#8217;IA et de la science des donn\u00e9es. Que vous souhaitiez faire progresser votre carri\u00e8re, stimuler l&#8217;innovation au sein de votre organisation ou simplement satisfaire votre curiosit\u00e9, les cours dirig\u00e9s par des experts de SmartiaDev offrent la possibilit\u00e9 id\u00e9ale d&#8217;\u00e9largir vos horizons et de d\u00e9bloquer de nouvelles possibilit\u00e9s.<\/p><p>Ne manquez pas cette occasion de fa\u00e7onner l&#8217;avenir de l&#8217;IA et de la science des donn\u00e9es. Rejoignez-nous d\u00e8s aujourd&#8217;hui et franchissez la premi\u00e8re \u00e9tape vers la r\u00e9alisation de votre plein potentiel dans ce domaine passionnant et transformateur !<\/p>\t\t\t\t\t\t<\/div>\n\t\t\t\t<\/div>\n\t\t\t\t<div class=\"elementor-element elementor-element-63db3e3 elementor-widget elementor-widget-button\" data-id=\"63db3e3\" data-element_type=\"widget\" data-widget_type=\"button.default\">\n\t\t\t\t<div class=\"elementor-widget-container\">\n\t\t\t\t\t<div class=\"elementor-button-wrapper\">\n\t\t\t<a class=\"elementor-button elementor-button-link elementor-size-sm\" href=\"https:\/\/smartiadev.com\/fr\/contact\/\">\n\t\t\t\t\t\t<span class=\"elementor-button-content-wrapper\">\n\t\t\t\t\t\t<span class=\"elementor-button-text\">PARLONS-EN<\/span>\n\t\t<\/span>\n\t\t\t\t\t<\/a>\n\t\t<\/div>\n\t\t\t\t<\/div>\n\t\t\t\t<\/div>\n\t\t\t\t\t<\/div>\n\t\t<\/div>\n\t\t\t\t<div class=\"elementor-column elementor-col-50 elementor-top-column elementor-element elementor-element-6a1b3a6 bs-sidebar dynamic-sidebar\" data-id=\"6a1b3a6\" data-element_type=\"column\">\n\t\t\t<div class=\"elementor-widget-wrap elementor-element-populated\">\n\t\t\t\t\t\t<div class=\"elementor-element elementor-element-57b5c86 elementor-widget elementor-widget-sidebar\" data-id=\"57b5c86\" data-element_type=\"widget\" data-widget_type=\"sidebar.default\">\n\t\t\t\t<div class=\"elementor-widget-container\">\n\t\t\t<div id=\"nav_menu-1\" class=\"service-singles widget widget_nav_menu\"><div class=\"menu-services-container\"><ul id=\"menu-services\" class=\"menu\"><li id=\"menu-item-14445\" class=\"menu-item menu-item-type-post_type menu-item-object-page menu-item-14445\"><a href=\"https:\/\/smartiadev.com\/fr\/services\/conseil-en-ia-et-science-des-donnees\/\">Conseil en IA et science des donn\u00e9es<\/a><\/li>\n<li id=\"menu-item-15290\" class=\"menu-item menu-item-type-post_type menu-item-object-page menu-item-15290\"><a href=\"https:\/\/smartiadev.com\/fr\/services\/ingenierie-en-rd\/\">Consultant en R&amp;D<\/a><\/li>\n<li id=\"menu-item-14447\" class=\"menu-item menu-item-type-post_type menu-item-object-page menu-item-14447\"><a href=\"https:\/\/smartiadev.com\/fr\/services\/analyse-des-opportunites-dia\/\">Analyse des opportunit\u00e9s d\u2019IA<\/a><\/li>\n<li id=\"menu-item-14446\" class=\"menu-item menu-item-type-post_type menu-item-object-page menu-item-14446\"><a href=\"https:\/\/smartiadev.com\/fr\/services\/ai-integration\/\">AI Int\u00e9gration<\/a><\/li>\n<li id=\"menu-item-14444\" class=\"menu-item menu-item-type-post_type menu-item-object-page menu-item-14444\"><a href=\"https:\/\/smartiadev.com\/fr\/services\/academie\/\">Academie<\/a><\/li>\n<\/ul><\/div><\/div>\t\t<\/div>\n\t\t\t\t<\/div>\n\t\t\t\t\t<\/div>\n\t\t<\/div>\n\t\t\t\t\t<\/div>\n\t\t<\/section>\n\t\t\t\t<\/div>\n\t\t","protected":false},"excerpt":{"rendered":"<p>Acad\u00e9mie Explorez l&#8217;avenir de l&#8217;IA et de la science des donn\u00e9es avec les cours dirig\u00e9s par des experts de SmartiaDev ! Dans notre environnement d&#8217;apprentissage dynamique, vous plongerez au c\u0153ur des technologies de pointe et \u00e9mergerez \u00e9quip\u00e9 des comp\u00e9tences n\u00e9cessaires pour prosp\u00e9rer dans le paysage num\u00e9rique en \u00e9volution rapide d&#8217;aujourd&#8217;hui. Nos cours sont con\u00e7us et&#8230;<\/p>\n","protected":false},"author":1,"featured_media":0,"parent":13468,"menu_order":0,"comment_status":"closed","ping_status":"closed","template":"","meta":{"footnotes":""},"class_list":["post-13595","page","type-page","status-publish","hentry"],"_links":{"self":[{"href":"https:\/\/smartiadev.com\/fr\/wp-json\/wp\/v2\/pages\/13595","targetHints":{"allow":["GET"]}}],"collection":[{"href":"https:\/\/smartiadev.com\/fr\/wp-json\/wp\/v2\/pages"}],"about":[{"href":"https:\/\/smartiadev.com\/fr\/wp-json\/wp\/v2\/types\/page"}],"author":[{"embeddable":true,"href":"https:\/\/smartiadev.com\/fr\/wp-json\/wp\/v2\/users\/1"}],"replies":[{"embeddable":true,"href":"https:\/\/smartiadev.com\/fr\/wp-json\/wp\/v2\/comments?post=13595"}],"version-history":[{"count":41,"href":"https:\/\/smartiadev.com\/fr\/wp-json\/wp\/v2\/pages\/13595\/revisions"}],"predecessor-version":[{"id":15251,"href":"https:\/\/smartiadev.com\/fr\/wp-json\/wp\/v2\/pages\/13595\/revisions\/15251"}],"up":[{"embeddable":true,"href":"https:\/\/smartiadev.com\/fr\/wp-json\/wp\/v2\/pages\/13468"}],"wp:attachment":[{"href":"https:\/\/smartiadev.com\/fr\/wp-json\/wp\/v2\/media?parent=13595"}],"curies":[{"name":"wp","href":"https:\/\/api.w.org\/{rel}","templated":true}]}}