{"id":13575,"date":"2023-07-18T21:21:25","date_gmt":"2023-07-18T21:21:25","guid":{"rendered":"https:\/\/business.reobiztheme.com\/?page_id=13575"},"modified":"2024-08-12T00:43:00","modified_gmt":"2024-08-11T22:43:00","slug":"conseil-en-ia-et-science-des-donnees","status":"publish","type":"page","link":"https:\/\/smartiadev.com\/fr\/services\/conseil-en-ia-et-science-des-donnees\/","title":{"rendered":"Conseil en IA et science des donn\u00e9es"},"content":{"rendered":"\t\t<div data-elementor-type=\"wp-page\" data-elementor-id=\"13575\" class=\"elementor elementor-13575\">\n\t\t\t\t\t\t<section class=\"elementor-section elementor-top-section elementor-element elementor-element-6566ed7 elementor-section-boxed elementor-section-height-default elementor-section-height-default\" data-id=\"6566ed7\" data-element_type=\"section\">\n\t\t\t\t\t\t<div class=\"elementor-container elementor-column-gap-default\">\n\t\t\t\t\t<div class=\"elementor-column elementor-col-50 elementor-top-column elementor-element elementor-element-78935a3\" data-id=\"78935a3\" data-element_type=\"column\">\n\t\t\t<div class=\"elementor-widget-wrap elementor-element-populated\">\n\t\t\t\t\t\t<div class=\"elementor-element elementor-element-13c5ae2 elementor-widget elementor-widget-image\" data-id=\"13c5ae2\" data-element_type=\"widget\" data-widget_type=\"image.default\">\n\t\t\t\t<div class=\"elementor-widget-container\">\n\t\t\t<style>\/*! elementor - v3.20.0 - 13-03-2024 *\/\n.elementor-widget-image{text-align:center}.elementor-widget-image a{display:inline-block}.elementor-widget-image a img[src$=\".svg\"]{width:48px}.elementor-widget-image img{vertical-align:middle;display:inline-block}<\/style>\t\t\t\t\t\t\t\t\t\t<img fetchpriority=\"high\" decoding=\"async\" width=\"800\" height=\"535\" src=\"https:\/\/smartiadev.com\/fr\/wp-content\/uploads\/2024\/04\/45.png\" class=\"attachment-full size-full wp-image-14848\" alt=\"\" srcset=\"https:\/\/smartiadev.com\/fr\/wp-content\/uploads\/2024\/04\/45.png 800w, https:\/\/smartiadev.com\/fr\/wp-content\/uploads\/2024\/04\/45-300x201.png 300w, https:\/\/smartiadev.com\/fr\/wp-content\/uploads\/2024\/04\/45-768x514.png 768w, https:\/\/smartiadev.com\/fr\/wp-content\/uploads\/2024\/04\/45-365x243.png 365w, https:\/\/smartiadev.com\/fr\/wp-content\/uploads\/2024\/04\/45-600x401.png 600w\" sizes=\"(max-width: 800px) 100vw, 800px\" \/>\t\t\t\t\t\t\t\t\t\t\t\t\t<\/div>\n\t\t\t\t<\/div>\n\t\t\t\t<div class=\"elementor-element elementor-element-28ffffe5 elementor-widget elementor-widget-heading\" data-id=\"28ffffe5\" data-element_type=\"widget\" data-widget_type=\"heading.default\">\n\t\t\t\t<div class=\"elementor-widget-container\">\n\t\t\t<style>\/*! elementor - v3.20.0 - 13-03-2024 *\/\n.elementor-heading-title{padding:0;margin:0;line-height:1}.elementor-widget-heading .elementor-heading-title[class*=elementor-size-]>a{color:inherit;font-size:inherit;line-height:inherit}.elementor-widget-heading .elementor-heading-title.elementor-size-small{font-size:15px}.elementor-widget-heading .elementor-heading-title.elementor-size-medium{font-size:19px}.elementor-widget-heading .elementor-heading-title.elementor-size-large{font-size:29px}.elementor-widget-heading .elementor-heading-title.elementor-size-xl{font-size:39px}.elementor-widget-heading .elementor-heading-title.elementor-size-xxl{font-size:59px}<\/style><h2 class=\"elementor-heading-title elementor-size-default\">Services d'IA et de science des donn\u00e9es<\/h2>\t\t<\/div>\n\t\t\t\t<\/div>\n\t\t\t\t<div class=\"elementor-element elementor-element-57f18aa5 elementor-widget elementor-widget-text-editor\" data-id=\"57f18aa5\" data-element_type=\"widget\" data-widget_type=\"text-editor.default\">\n\t\t\t\t<div class=\"elementor-widget-container\">\n\t\t\t<style>\/*! elementor - v3.20.0 - 13-03-2024 *\/\n.elementor-widget-text-editor.elementor-drop-cap-view-stacked .elementor-drop-cap{background-color:#69727d;color:#fff}.elementor-widget-text-editor.elementor-drop-cap-view-framed .elementor-drop-cap{color:#69727d;border:3px solid;background-color:transparent}.elementor-widget-text-editor:not(.elementor-drop-cap-view-default) .elementor-drop-cap{margin-top:8px}.elementor-widget-text-editor:not(.elementor-drop-cap-view-default) .elementor-drop-cap-letter{width:1em;height:1em}.elementor-widget-text-editor .elementor-drop-cap{float:left;text-align:center;line-height:1;font-size:50px}.elementor-widget-text-editor .elementor-drop-cap-letter{display:inline-block}<\/style>\t\t\t\t<p>Offrir des services de conseil aux entreprises sur la mani\u00e8re d&#8217;exploiter les technologies d&#8217;IA pour am\u00e9liorer les op\u00e9rations, renforcer la prise de d\u00e9cision et stimuler l&#8217;innovation.<\/p>\t\t\t\t\t\t<\/div>\n\t\t\t\t<\/div>\n\t\t\t\t<section class=\"elementor-section elementor-inner-section elementor-element elementor-element-3cfa12d7 elementor-section-boxed elementor-section-height-default elementor-section-height-default\" data-id=\"3cfa12d7\" data-element_type=\"section\">\n\t\t\t\t\t\t<div class=\"elementor-container elementor-column-gap-default\">\n\t\t\t\t\t<div class=\"elementor-column elementor-col-100 elementor-inner-column elementor-element elementor-element-60c1aa0\" data-id=\"60c1aa0\" data-element_type=\"column\">\n\t\t\t<div class=\"elementor-widget-wrap elementor-element-populated\">\n\t\t\t\t\t\t<div class=\"elementor-element elementor-element-3b08edf9 elementor-widget elementor-widget-rsfeatureslist\" data-id=\"3b08edf9\" data-element_type=\"widget\" data-widget_type=\"rsfeatureslist.default\">\n\t\t\t\t<div class=\"elementor-widget-container\">\n\t\t\t \n\n        <div class=\"rs-features-list-content\">        \n\n                                    <ul class=\"rs-features-list\">\n                                                    <li class=\"elementor-repeater-item-0348abf\">\n                                                                    <i class=\"fa fa-check-circle\"><\/i>\n                                                                <span class=\"rs-feature-text\"><b data-sider-select-id=\"5025d4a3-9b76-4ce0-abfe-4a9aa4eeffb7\">Intelligence D'affaires<\/b><\/span>\n                            <\/li>\n                                            <\/ul>\n                            \n        <\/div>\n        \t\t<\/div>\n\t\t\t\t<\/div>\n\t\t\t\t<div class=\"elementor-element elementor-element-efe83c6 elementor-widget elementor-widget-text-editor\" data-id=\"efe83c6\" data-element_type=\"widget\" data-widget_type=\"text-editor.default\">\n\t\t\t\t<div class=\"elementor-widget-container\">\n\t\t\t\t\t\t\t<p>Transformez votre entreprise avec l&#8217;Intelligence d&#8217;Affaires (BI) ! Obtenez des informations pr\u00e9cieuses \u00e0 partir de vos donn\u00e9es pour prendre des d\u00e9cisions \u00e9clair\u00e9es et stimuler la croissance. Rejoignez-nous pour en savoir plus.<\/p>\t\t\t\t\t\t<\/div>\n\t\t\t\t<\/div>\n\t\t\t\t<div class=\"elementor-element elementor-element-b058164 elementor-widget elementor-widget-rsfeatureslist\" data-id=\"b058164\" data-element_type=\"widget\" data-widget_type=\"rsfeatureslist.default\">\n\t\t\t\t<div class=\"elementor-widget-container\">\n\t\t\t \n\n        <div class=\"rs-features-list-content\">        \n\n                                    <ul class=\"rs-features-list\">\n                                                    <li class=\"elementor-repeater-item-0348abf\">\n                                                                    <i class=\"fa fa-check-circle\"><\/i>\n                                                                <span class=\"rs-feature-text\"><b data-sider-select-id=\"2e59d47e-8da1-45bb-ac3e-493a4416f058\">Applications Commerciales De L'IA<\/b><\/span>\n                            <\/li>\n                                            <\/ul>\n                            \n        <\/div>\n        \t\t<\/div>\n\t\t\t\t<\/div>\n\t\t\t\t<div class=\"elementor-element elementor-element-8b14bb1 elementor-widget elementor-widget-text-editor\" data-id=\"8b14bb1\" data-element_type=\"widget\" data-widget_type=\"text-editor.default\">\n\t\t\t\t<div class=\"elementor-widget-container\">\n\t\t\t\t\t\t\t<p>R\u00e9volutionnez votre entreprise avec des applications aliment\u00e9es par l&#8217;IA ! Am\u00e9liorez les exp\u00e9riences clients et rationalisez les op\u00e9rations dans divers secteurs sans effort. Avec des solutions sur mesure et un soutien continu, nous sommes l\u00e0 pour favoriser votre succ\u00e8s. Saisissez l&#8217;opportunit\u00e9 et transformez votre entreprise avec Smartia Dev d\u00e8s aujourd&#8217;hui !<\/p>\t\t\t\t\t\t<\/div>\n\t\t\t\t<\/div>\n\t\t\t\t<div class=\"elementor-element elementor-element-5a6e114 elementor-widget elementor-widget-rsfeatureslist\" data-id=\"5a6e114\" data-element_type=\"widget\" data-widget_type=\"rsfeatureslist.default\">\n\t\t\t\t<div class=\"elementor-widget-container\">\n\t\t\t \n\n        <div class=\"rs-features-list-content\">        \n\n                                    <ul class=\"rs-features-list\">\n                                                    <li class=\"elementor-repeater-item-0348abf\">\n                                                                    <i class=\"fa fa-check-circle\"><\/i>\n                                                                <span class=\"rs-feature-text\"><b>D\u00e9veloppement De Strat\u00e9gie<\/b><\/span>\n                            <\/li>\n                                            <\/ul>\n                            \n        <\/div>\n        \t\t<\/div>\n\t\t\t\t<\/div>\n\t\t\t\t<div class=\"elementor-element elementor-element-d5a48ac elementor-widget elementor-widget-text-editor\" data-id=\"d5a48ac\" data-element_type=\"widget\" data-widget_type=\"text-editor.default\">\n\t\t\t\t<div class=\"elementor-widget-container\">\n\t\t\t\t\t\t\t<p>Aider les organisations \u00e0 d\u00e9finir leur strat\u00e9gie en mati\u00e8re d&#8217;IA et de science des donn\u00e9es, en l&#8217;alignant sur leurs objectifs et buts commerciaux.<\/p>\t\t\t\t\t\t<\/div>\n\t\t\t\t<\/div>\n\t\t\t\t<div class=\"elementor-element elementor-element-2fd2961 elementor-widget elementor-widget-rsfeatureslist\" data-id=\"2fd2961\" data-element_type=\"widget\" data-widget_type=\"rsfeatureslist.default\">\n\t\t\t\t<div class=\"elementor-widget-container\">\n\t\t\t \n\n        <div class=\"rs-features-list-content\">        \n\n                                    <ul class=\"rs-features-list\">\n                                                    <li class=\"elementor-repeater-item-0348abf\">\n                                                                    <i class=\"fa fa-check-circle\"><\/i>\n                                                                <span class=\"rs-feature-text\"><b>\u00c9valuation Technologique<\/b><\/span>\n                            <\/li>\n                                            <\/ul>\n                            \n        <\/div>\n        \t\t<\/div>\n\t\t\t\t<\/div>\n\t\t\t\t<div class=\"elementor-element elementor-element-fc8a42d elementor-widget elementor-widget-text-editor\" data-id=\"fc8a42d\" data-element_type=\"widget\" data-widget_type=\"text-editor.default\">\n\t\t\t\t<div class=\"elementor-widget-container\">\n\t\t\t\t\t\t\t<p>\u00c9valuer l&#8217;infrastructure technologique existante et les capacit\u00e9s pour d\u00e9terminer la pr\u00e9paration \u00e0 la mise en \u0153uvre de l&#8217;IA et de la science des donn\u00e9es.<\/p>\t\t\t\t\t\t<\/div>\n\t\t\t\t<\/div>\n\t\t\t\t<div class=\"elementor-element elementor-element-f3f6608 elementor-widget elementor-widget-button\" data-id=\"f3f6608\" data-element_type=\"widget\" data-widget_type=\"button.default\">\n\t\t\t\t<div class=\"elementor-widget-container\">\n\t\t\t\t\t<div class=\"elementor-button-wrapper\">\n\t\t\t<a class=\"elementor-button elementor-button-link elementor-size-sm\" href=\"https:\/\/smartiadev.com\/fr\/contact\/\">\n\t\t\t\t\t\t<span class=\"elementor-button-content-wrapper\">\n\t\t\t\t\t\t<span class=\"elementor-button-text\">PARLONS-EN<\/span>\n\t\t<\/span>\n\t\t\t\t\t<\/a>\n\t\t<\/div>\n\t\t\t\t<\/div>\n\t\t\t\t<\/div>\n\t\t\t\t\t<\/div>\n\t\t<\/div>\n\t\t\t\t\t<\/div>\n\t\t<\/section>\n\t\t\t\t\t<\/div>\n\t\t<\/div>\n\t\t\t\t<div class=\"elementor-column elementor-col-50 elementor-top-column elementor-element elementor-element-5252db6c bs-sidebar dynamic-sidebar\" data-id=\"5252db6c\" data-element_type=\"column\">\n\t\t\t<div class=\"elementor-widget-wrap elementor-element-populated\">\n\t\t\t\t\t\t<div class=\"elementor-element elementor-element-25bb7cb0 elementor-widget elementor-widget-sidebar\" data-id=\"25bb7cb0\" data-element_type=\"widget\" data-widget_type=\"sidebar.default\">\n\t\t\t\t<div class=\"elementor-widget-container\">\n\t\t\t<div id=\"nav_menu-1\" class=\"service-singles widget widget_nav_menu\"><div class=\"menu-services-container\"><ul id=\"menu-services\" class=\"menu\"><li id=\"menu-item-14445\" class=\"menu-item menu-item-type-post_type menu-item-object-page menu-item-14445\"><a href=\"https:\/\/smartiadev.com\/fr\/services\/conseil-en-ia-et-science-des-donnees\/\">Conseil en IA et science des donn\u00e9es<\/a><\/li>\n<li id=\"menu-item-15290\" class=\"menu-item menu-item-type-post_type menu-item-object-page menu-item-15290\"><a href=\"https:\/\/smartiadev.com\/fr\/services\/ingenierie-en-rd\/\">Consultant en R&amp;D<\/a><\/li>\n<li id=\"menu-item-14447\" class=\"menu-item menu-item-type-post_type menu-item-object-page menu-item-14447\"><a href=\"https:\/\/smartiadev.com\/fr\/services\/analyse-des-opportunites-dia\/\">Analyse des opportunit\u00e9s d\u2019IA<\/a><\/li>\n<li id=\"menu-item-14446\" class=\"menu-item menu-item-type-post_type menu-item-object-page menu-item-14446\"><a href=\"https:\/\/smartiadev.com\/fr\/services\/ai-integration\/\">AI Int\u00e9gration<\/a><\/li>\n<li id=\"menu-item-14444\" class=\"menu-item menu-item-type-post_type menu-item-object-page menu-item-14444\"><a href=\"https:\/\/smartiadev.com\/fr\/services\/academie\/\">Academie<\/a><\/li>\n<\/ul><\/div><\/div>\t\t<\/div>\n\t\t\t\t<\/div>\n\t\t\t\t\t<\/div>\n\t\t<\/div>\n\t\t\t\t\t<\/div>\n\t\t<\/section>\n\t\t\t\t<\/div>\n\t\t","protected":false},"excerpt":{"rendered":"<p>Services d&#8217;IA et de science des donn\u00e9es Offrir des services de conseil aux entreprises sur la mani\u00e8re d&#8217;exploiter les technologies d&#8217;IA pour am\u00e9liorer les op\u00e9rations, renforcer la prise de d\u00e9cision et stimuler l&#8217;innovation. Intelligence D&#8217;affaires Transformez votre entreprise avec l&#8217;Intelligence d&#8217;Affaires (BI) ! Obtenez des informations pr\u00e9cieuses \u00e0 partir de vos donn\u00e9es pour prendre des&#8230;<\/p>\n","protected":false},"author":1,"featured_media":0,"parent":13468,"menu_order":0,"comment_status":"closed","ping_status":"closed","template":"","meta":{"footnotes":""},"class_list":["post-13575","page","type-page","status-publish","hentry"],"_links":{"self":[{"href":"https:\/\/smartiadev.com\/fr\/wp-json\/wp\/v2\/pages\/13575","targetHints":{"allow":["GET"]}}],"collection":[{"href":"https:\/\/smartiadev.com\/fr\/wp-json\/wp\/v2\/pages"}],"about":[{"href":"https:\/\/smartiadev.com\/fr\/wp-json\/wp\/v2\/types\/page"}],"author":[{"embeddable":true,"href":"https:\/\/smartiadev.com\/fr\/wp-json\/wp\/v2\/users\/1"}],"replies":[{"embeddable":true,"href":"https:\/\/smartiadev.com\/fr\/wp-json\/wp\/v2\/comments?post=13575"}],"version-history":[{"count":109,"href":"https:\/\/smartiadev.com\/fr\/wp-json\/wp\/v2\/pages\/13575\/revisions"}],"predecessor-version":[{"id":15242,"href":"https:\/\/smartiadev.com\/fr\/wp-json\/wp\/v2\/pages\/13575\/revisions\/15242"}],"up":[{"embeddable":true,"href":"https:\/\/smartiadev.com\/fr\/wp-json\/wp\/v2\/pages\/13468"}],"wp:attachment":[{"href":"https:\/\/smartiadev.com\/fr\/wp-json\/wp\/v2\/media?parent=13575"}],"curies":[{"name":"wp","href":"https:\/\/api.w.org\/{rel}","templated":true}]}}