{"id":13567,"date":"2023-07-18T21:14:18","date_gmt":"2023-07-18T21:14:18","guid":{"rendered":"https:\/\/business.reobiztheme.com\/?page_id=13567"},"modified":"2024-08-12T00:43:43","modified_gmt":"2024-08-11T22:43:43","slug":"ai-integration","status":"publish","type":"page","link":"https:\/\/smartiadev.com\/fr\/services\/ai-integration\/","title":{"rendered":"AI Int\u00e9gration"},"content":{"rendered":"\t\t<div data-elementor-type=\"wp-page\" data-elementor-id=\"13567\" class=\"elementor elementor-13567\">\n\t\t\t\t\t\t<section class=\"elementor-section elementor-top-section elementor-element elementor-element-4ff8c5f0 elementor-section-boxed elementor-section-height-default elementor-section-height-default\" data-id=\"4ff8c5f0\" data-element_type=\"section\">\n\t\t\t\t\t\t<div class=\"elementor-container elementor-column-gap-default\">\n\t\t\t\t\t<div class=\"elementor-column elementor-col-50 elementor-top-column elementor-element elementor-element-1907e82b\" data-id=\"1907e82b\" data-element_type=\"column\">\n\t\t\t<div class=\"elementor-widget-wrap elementor-element-populated\">\n\t\t\t\t\t\t<div class=\"elementor-element elementor-element-2d2625a7 elementor-widget elementor-widget-image\" data-id=\"2d2625a7\" data-element_type=\"widget\" data-widget_type=\"image.default\">\n\t\t\t\t<div class=\"elementor-widget-container\">\n\t\t\t<style>\/*! elementor - v3.20.0 - 13-03-2024 *\/\n.elementor-widget-image{text-align:center}.elementor-widget-image a{display:inline-block}.elementor-widget-image a img[src$=\".svg\"]{width:48px}.elementor-widget-image img{vertical-align:middle;display:inline-block}<\/style>\t\t\t\t\t\t\t\t\t\t<img fetchpriority=\"high\" decoding=\"async\" width=\"800\" height=\"534\" src=\"https:\/\/smartiadev.com\/fr\/wp-content\/uploads\/2023\/07\/1s.jpg\" class=\"attachment-full size-full wp-image-13943\" alt=\"\" srcset=\"https:\/\/smartiadev.com\/fr\/wp-content\/uploads\/2023\/07\/1s.jpg 800w, https:\/\/smartiadev.com\/fr\/wp-content\/uploads\/2023\/07\/1s-600x401.jpg 600w, https:\/\/smartiadev.com\/fr\/wp-content\/uploads\/2023\/07\/1s-300x200.jpg 300w, https:\/\/smartiadev.com\/fr\/wp-content\/uploads\/2023\/07\/1s-768x513.jpg 768w, https:\/\/smartiadev.com\/fr\/wp-content\/uploads\/2023\/07\/1s-365x243.jpg 365w\" sizes=\"(max-width: 800px) 100vw, 800px\" \/>\t\t\t\t\t\t\t\t\t\t\t\t\t<\/div>\n\t\t\t\t<\/div>\n\t\t\t\t<div class=\"elementor-element elementor-element-9fd0e38 elementor-widget elementor-widget-heading\" data-id=\"9fd0e38\" data-element_type=\"widget\" data-widget_type=\"heading.default\">\n\t\t\t\t<div class=\"elementor-widget-container\">\n\t\t\t<style>\/*! elementor - v3.20.0 - 13-03-2024 *\/\n.elementor-heading-title{padding:0;margin:0;line-height:1}.elementor-widget-heading .elementor-heading-title[class*=elementor-size-]>a{color:inherit;font-size:inherit;line-height:inherit}.elementor-widget-heading .elementor-heading-title.elementor-size-small{font-size:15px}.elementor-widget-heading .elementor-heading-title.elementor-size-medium{font-size:19px}.elementor-widget-heading .elementor-heading-title.elementor-size-large{font-size:29px}.elementor-widget-heading .elementor-heading-title.elementor-size-xl{font-size:39px}.elementor-widget-heading .elementor-heading-title.elementor-size-xxl{font-size:59px}<\/style><h2 class=\"elementor-heading-title elementor-size-default\">Int\u00e9gration De L'IA<\/h2>\t\t<\/div>\n\t\t\t\t<\/div>\n\t\t\t\t<div class=\"elementor-element elementor-element-7b6ba8c elementor-widget elementor-widget-text-editor\" data-id=\"7b6ba8c\" data-element_type=\"widget\" data-widget_type=\"text-editor.default\">\n\t\t\t\t<div class=\"elementor-widget-container\">\n\t\t\t<style>\/*! elementor - v3.20.0 - 13-03-2024 *\/\n.elementor-widget-text-editor.elementor-drop-cap-view-stacked .elementor-drop-cap{background-color:#69727d;color:#fff}.elementor-widget-text-editor.elementor-drop-cap-view-framed .elementor-drop-cap{color:#69727d;border:3px solid;background-color:transparent}.elementor-widget-text-editor:not(.elementor-drop-cap-view-default) .elementor-drop-cap{margin-top:8px}.elementor-widget-text-editor:not(.elementor-drop-cap-view-default) .elementor-drop-cap-letter{width:1em;height:1em}.elementor-widget-text-editor .elementor-drop-cap{float:left;text-align:center;line-height:1;font-size:50px}.elementor-widget-text-editor .elementor-drop-cap-letter{display:inline-block}<\/style>\t\t\t\t<p style=\"text-align: left;\" data-sider-select-id=\"30e8bd96-3a7f-4e5b-b4a9-4280ee4cbe8f\">Les services de planification strat\u00e9gique en IA impliquent le processus de planification et de strat\u00e9gie pour la mise en \u0153uvre des technologies d&#8217;intelligence artificielle (IA) au sein d&#8217;une organisation ou d&#8217;un projet. Ces services visent g\u00e9n\u00e9ralement \u00e0 fournir une approche structur\u00e9e pour l&#8217;int\u00e9gration des solutions d&#8217;IA, en tenant compte de divers facteurs tels que les objectifs commerciaux, la faisabilit\u00e9 technique, l&#8217;allocation des ressources et les d\u00e9fis potentiels.<\/p>\t\t\t\t\t\t<\/div>\n\t\t\t\t<\/div>\n\t\t\t\t<div class=\"elementor-element elementor-element-f16d67b elementor-widget elementor-widget-text-editor\" data-id=\"f16d67b\" data-element_type=\"widget\" data-widget_type=\"text-editor.default\">\n\t\t\t\t<div class=\"elementor-widget-container\">\n\t\t\t\t\t\t\t<p>Voici un aper\u00e7u de ce que peuvent inclure les services de planification strat\u00e9gique en IA.<\/p>\t\t\t\t\t\t<\/div>\n\t\t\t\t<\/div>\n\t\t<div class=\"elementor-element elementor-element-07bce9f e-flex e-con-boxed e-con e-parent\" data-id=\"07bce9f\" data-element_type=\"container\" data-core-v316-plus=\"true\">\n\t\t\t\t\t<div class=\"e-con-inner\">\n\t\t\t\t<div class=\"elementor-element elementor-element-15c2759 elementor-widget elementor-widget-rsfeatureslist\" data-id=\"15c2759\" data-element_type=\"widget\" data-widget_type=\"rsfeatureslist.default\">\n\t\t\t\t<div class=\"elementor-widget-container\">\n\t\t\t \n\n        <div class=\"rs-features-list-content\">        \n\n                                    <ul class=\"rs-features-list\">\n                                                    <li class=\"elementor-repeater-item-8118847\">\n                                                                    <i class=\"fa fa-check-circle\"><\/i>\n                                                                <span class=\"rs-feature-text\">\u00c9valuation et Analyse<\/span>\n                            <\/li>\n                                            <\/ul>\n                            \n        <\/div>\n        \t\t<\/div>\n\t\t\t\t<\/div>\n\t\t\t\t<div class=\"elementor-element elementor-element-2b17cf1 elementor-widget elementor-widget-text-editor\" data-id=\"2b17cf1\" data-element_type=\"widget\" data-widget_type=\"text-editor.default\">\n\t\t\t\t<div class=\"elementor-widget-container\">\n\t\t\t\t\t\t\t<p>Comprendre l&#8217;\u00e9tat actuel de l&#8217;organisation, ses processus, son infrastructure de donn\u00e9es et ses capacit\u00e9s technologiques. Cela inclut l&#8217;\u00e9valuation des sources de donn\u00e9es existantes, des ensembles technologiques et de la pr\u00e9paration organisationnelle \u00e0 l&#8217;adoption de l&#8217;IA.<\/p>\t\t\t\t\t\t<\/div>\n\t\t\t\t<\/div>\n\t\t\t\t<div class=\"elementor-element elementor-element-f22237c elementor-widget elementor-widget-rsfeatureslist\" data-id=\"f22237c\" data-element_type=\"widget\" data-widget_type=\"rsfeatureslist.default\">\n\t\t\t\t<div class=\"elementor-widget-container\">\n\t\t\t \n\n        <div class=\"rs-features-list-content\">        \n\n                                    <ul class=\"rs-features-list\">\n                                                    <li class=\"elementor-repeater-item-8118847\">\n                                                                    <i class=\"fa fa-check-circle\"><\/i>\n                                                                <span class=\"rs-feature-text\">D\u00e9finition et Alignement de la Strat\u00e9gie<\/span>\n                            <\/li>\n                                            <\/ul>\n                            \n        <\/div>\n        \t\t<\/div>\n\t\t\t\t<\/div>\n\t\t\t\t<div class=\"elementor-element elementor-element-f936382 elementor-widget elementor-widget-text-editor\" data-id=\"f936382\" data-element_type=\"widget\" data-widget_type=\"text-editor.default\">\n\t\t\t\t<div class=\"elementor-widget-container\">\n\t\t\t\t\t\t\t<p>Collaborer avec les parties prenantes pour d\u00e9finir des objectifs clairs et r\u00e9alisables pour la mise en \u0153uvre de l&#8217;IA. Ces objectifs doivent \u00eatre align\u00e9s sur les objectifs commerciaux globaux et peuvent inclure l&#8217;am\u00e9lioration de l&#8217;efficacit\u00e9, l&#8217;am\u00e9lioration de l&#8217;exp\u00e9rience client ou la promotion de l&#8217;innovation.<\/p>\t\t\t\t\t\t<\/div>\n\t\t\t\t<\/div>\n\t\t\t\t<div class=\"elementor-element elementor-element-d061ef9 elementor-widget elementor-widget-rsfeatureslist\" data-id=\"d061ef9\" data-element_type=\"widget\" data-widget_type=\"rsfeatureslist.default\">\n\t\t\t\t<div class=\"elementor-widget-container\">\n\t\t\t \n\n        <div class=\"rs-features-list-content\">        \n\n                                    <ul class=\"rs-features-list\">\n                                                    <li class=\"elementor-repeater-item-8118847\">\n                                                                    <i class=\"fa fa-check-circle\"><\/i>\n                                                                <span class=\"rs-feature-text\">S\u00e9lection des Outils D'IA<\/span>\n                            <\/li>\n                                            <\/ul>\n                            \n        <\/div>\n        \t\t<\/div>\n\t\t\t\t<\/div>\n\t\t\t\t<div class=\"elementor-element elementor-element-cedc929 elementor-widget elementor-widget-text-editor\" data-id=\"cedc929\" data-element_type=\"widget\" data-widget_type=\"text-editor.default\">\n\t\t\t\t<div class=\"elementor-widget-container\">\n\t\t\t\t\t\t\t<p>Identifier les technologies et outils d&#8217;IA qui correspondent le mieux aux besoins et objectifs de l&#8217;organisation. Cela implique d&#8217;\u00e9valuer divers frameworks, plateformes et algorithmes d&#8217;IA disponibles sur le march\u00e9 et de s\u00e9lectionner les plus appropri\u00e9s en fonction de facteurs tels que l&#8217;\u00e9volutivit\u00e9, la compatibilit\u00e9 et les performances.<\/p>\t\t\t\t\t\t<\/div>\n\t\t\t\t<\/div>\n\t\t\t\t<div class=\"elementor-element elementor-element-62d5f5f elementor-widget elementor-widget-rsfeatureslist\" data-id=\"62d5f5f\" data-element_type=\"widget\" data-widget_type=\"rsfeatureslist.default\">\n\t\t\t\t<div class=\"elementor-widget-container\">\n\t\t\t \n\n        <div class=\"rs-features-list-content\">        \n\n                                    <ul class=\"rs-features-list\">\n                                                    <li class=\"elementor-repeater-item-8118847\">\n                                                                    <i class=\"fa fa-check-circle\"><\/i>\n                                                                <span class=\"rs-feature-text\">Strat\u00e9gie de Donn\u00e9es<\/span>\n                            <\/li>\n                                            <\/ul>\n                            \n        <\/div>\n        \t\t<\/div>\n\t\t\t\t<\/div>\n\t\t\t\t<div class=\"elementor-element elementor-element-6ceaa60 elementor-widget elementor-widget-text-editor\" data-id=\"6ceaa60\" data-element_type=\"widget\" data-widget_type=\"text-editor.default\">\n\t\t\t\t<div class=\"elementor-widget-container\">\n\t\t\t\t\t\t\t<p>D\u00e9velopper une strat\u00e9gie de donn\u00e9es compl\u00e8te pour assurer la disponibilit\u00e9, la qualit\u00e9 et la pertinence des donn\u00e9es n\u00e9cessaires aux initiatives d&#8217;IA. Cela peut impliquer la collecte de donn\u00e9es, le pr\u00e9traitement, l&#8217;\u00e9tiquetage et l&#8217;int\u00e9gration \u00e0 partir de diverses sources internes et externes.<\/p>\t\t\t\t\t\t<\/div>\n\t\t\t\t<\/div>\n\t\t\t\t<div class=\"elementor-element elementor-element-eea01b0 elementor-widget elementor-widget-rsfeatureslist\" data-id=\"eea01b0\" data-element_type=\"widget\" data-widget_type=\"rsfeatureslist.default\">\n\t\t\t\t<div class=\"elementor-widget-container\">\n\t\t\t \n\n        <div class=\"rs-features-list-content\">        \n\n                                    <ul class=\"rs-features-list\">\n                                                    <li class=\"elementor-repeater-item-8118847\">\n                                                                    <i class=\"fa fa-check-circle\"><\/i>\n                                                                <span class=\"rs-feature-text\">D\u00e9veloppement de la Feuille de Route<\/span>\n                            <\/li>\n                                            <\/ul>\n                            \n        <\/div>\n        \t\t<\/div>\n\t\t\t\t<\/div>\n\t\t\t\t<div class=\"elementor-element elementor-element-db8c6c4 elementor-widget elementor-widget-text-editor\" data-id=\"db8c6c4\" data-element_type=\"widget\" data-widget_type=\"text-editor.default\">\n\t\t\t\t<div class=\"elementor-widget-container\">\n\t\t\t\t\t\t\t<p>Cr\u00e9er une feuille de route d\u00e9taill\u00e9e d\u00e9crivant les \u00e9tapes, les d\u00e9lais et les jalons pour la mise en \u0153uvre de l&#8217;IA. Cette feuille de route inclut g\u00e9n\u00e9ralement des phases telles que des projets pilotes, des preuves de concept, un d\u00e9ploiement \u00e0 grande \u00e9chelle et une optimisation continue.<\/p>\t\t\t\t\t\t<\/div>\n\t\t\t\t<\/div>\n\t\t\t\t<div class=\"elementor-element elementor-element-c7d76aa elementor-widget elementor-widget-rsfeatureslist\" data-id=\"c7d76aa\" data-element_type=\"widget\" data-widget_type=\"rsfeatureslist.default\">\n\t\t\t\t<div class=\"elementor-widget-container\">\n\t\t\t \n\n        <div class=\"rs-features-list-content\">        \n\n                                    <ul class=\"rs-features-list\">\n                                                    <li class=\"elementor-repeater-item-8118847\">\n                                                                    <i class=\"fa fa-check-circle\"><\/i>\n                                                                <span class=\"rs-feature-text\">\u00c9valuation et Att\u00e9nuation des Risques<\/span>\n                            <\/li>\n                                            <\/ul>\n                            \n        <\/div>\n        \t\t<\/div>\n\t\t\t\t<\/div>\n\t\t\t\t<div class=\"elementor-element elementor-element-0a4d601 elementor-widget elementor-widget-text-editor\" data-id=\"0a4d601\" data-element_type=\"widget\" data-widget_type=\"text-editor.default\">\n\t\t\t\t<div class=\"elementor-widget-container\">\n\t\t\t\t\t\t\t<p>Identification des risques potentiels et des d\u00e9fis associ\u00e9s \u00e0 la mise en \u0153uvre de l&#8217;IA, tels que les pr\u00e9occupations concernant la confidentialit\u00e9 des donn\u00e9es, la conformit\u00e9 r\u00e9glementaire, les limitations techniques et la r\u00e9sistance organisationnelle. D\u00e9veloppement de strat\u00e9gies pour att\u00e9nuer ces risques et les aborder de mani\u00e8re proactive.<\/p>\t\t\t\t\t\t<\/div>\n\t\t\t\t<\/div>\n\t\t\t\t<div class=\"elementor-element elementor-element-7b9cb1f elementor-widget elementor-widget-rsfeatureslist\" data-id=\"7b9cb1f\" data-element_type=\"widget\" data-widget_type=\"rsfeatureslist.default\">\n\t\t\t\t<div class=\"elementor-widget-container\">\n\t\t\t \n\n        <div class=\"rs-features-list-content\">        \n\n                                    <ul class=\"rs-features-list\">\n                                                    <li class=\"elementor-repeater-item-8118847\">\n                                                                    <i class=\"fa fa-check-circle\"><\/i>\n                                                                <span class=\"rs-feature-text\">Planification des Ressources<\/span>\n                            <\/li>\n                                            <\/ul>\n                            \n        <\/div>\n        \t\t<\/div>\n\t\t\t\t<\/div>\n\t\t\t\t<div class=\"elementor-element elementor-element-4953008 elementor-widget elementor-widget-text-editor\" data-id=\"4953008\" data-element_type=\"widget\" data-widget_type=\"text-editor.default\">\n\t\t\t\t<div class=\"elementor-widget-container\">\n\t\t\t\t\t\t\t<p>Estimation des ressources n\u00e9cessaires pour la mise en \u0153uvre de l&#8217;IA, y compris le budget, les ressources humaines, l&#8217;infrastructure et les comp\u00e9tences. Cela implique d&#8217;aligner les ressources sur la feuille de route et de garantir un soutien ad\u00e9quat tout au long du processus de mise en \u0153uvre.<\/p>\t\t\t\t\t\t<\/div>\n\t\t\t\t<\/div>\n\t\t\t\t<div class=\"elementor-element elementor-element-9a5c189 elementor-widget elementor-widget-rsfeatureslist\" data-id=\"9a5c189\" data-element_type=\"widget\" data-widget_type=\"rsfeatureslist.default\">\n\t\t\t\t<div class=\"elementor-widget-container\">\n\t\t\t \n\n        <div class=\"rs-features-list-content\">        \n\n                                    <ul class=\"rs-features-list\">\n                                                    <li class=\"elementor-repeater-item-8118847\">\n                                                                    <i class=\"fa fa-check-circle\"><\/i>\n                                                                <span class=\"rs-feature-text\">Gestion du Changement<\/span>\n                            <\/li>\n                                            <\/ul>\n                            \n        <\/div>\n        \t\t<\/div>\n\t\t\t\t<\/div>\n\t\t\t\t<div class=\"elementor-element elementor-element-6d883a1 elementor-widget elementor-widget-text-editor\" data-id=\"6d883a1\" data-element_type=\"widget\" data-widget_type=\"text-editor.default\">\n\t\t\t\t<div class=\"elementor-widget-container\">\n\t\t\t\t\t\t\t<p>D\u00e9veloppement de strat\u00e9gies pour g\u00e9rer le changement organisationnel et faciliter l&#8217;adoption des technologies d&#8217;IA parmi les employ\u00e9s. Cela peut inclure des programmes de formation, des plans de communication et des incitations \u00e0 la performance pour encourager l&#8217;adh\u00e9sion et la participation.<\/p>\t\t\t\t\t\t<\/div>\n\t\t\t\t<\/div>\n\t\t\t\t<div class=\"elementor-element elementor-element-ff1a75e elementor-widget elementor-widget-rsfeatureslist\" data-id=\"ff1a75e\" data-element_type=\"widget\" data-widget_type=\"rsfeatureslist.default\">\n\t\t\t\t<div class=\"elementor-widget-container\">\n\t\t\t \n\n        <div class=\"rs-features-list-content\">        \n\n                                    <ul class=\"rs-features-list\">\n                                                    <li class=\"elementor-repeater-item-8118847\">\n                                                                    <i class=\"fa fa-check-circle\"><\/i>\n                                                                <span class=\"rs-feature-text\">Suivi et Evaluation<\/span>\n                            <\/li>\n                                            <\/ul>\n                            \n        <\/div>\n        \t\t<\/div>\n\t\t\t\t<\/div>\n\t\t\t\t<div class=\"elementor-element elementor-element-5e20774 elementor-widget elementor-widget-text-editor\" data-id=\"5e20774\" data-element_type=\"widget\" data-widget_type=\"text-editor.default\">\n\t\t\t\t<div class=\"elementor-widget-container\">\n\t\t\t\t\t\t\t<p>\u00c9tablissement de m\u00e9triques et d&#8217;indicateurs cl\u00e9s de performance (KPI) pour mesurer le succ\u00e8s des initiatives en IA. Suivi continu des progr\u00e8s par rapport \u00e0 ces m\u00e9triques et ajustements de la feuille de route au besoin pour garantir l&#8217;alignement avec les objectifs commerciaux.<\/p><p>Dans l&#8217;ensemble, les services de planification strat\u00e9gique en IA jouent un r\u00f4le crucial en guidant les organisations \u00e0 travers le processus complexe d&#8217;adoption des technologies d&#8217;IA de mani\u00e8re efficace et en maximisant leurs avantages potentiels.<\/p>\t\t\t\t\t\t<\/div>\n\t\t\t\t<\/div>\n\t\t\t\t\t<\/div>\n\t\t\t\t<\/div>\n\t\t\t\t<div class=\"elementor-element elementor-element-e013502 elementor-widget elementor-widget-button\" data-id=\"e013502\" data-element_type=\"widget\" data-widget_type=\"button.default\">\n\t\t\t\t<div class=\"elementor-widget-container\">\n\t\t\t\t\t<div class=\"elementor-button-wrapper\">\n\t\t\t<a class=\"elementor-button elementor-button-link elementor-size-sm\" href=\"https:\/\/smartiadev.com\/fr\/contact\/\">\n\t\t\t\t\t\t<span class=\"elementor-button-content-wrapper\">\n\t\t\t\t\t\t<span class=\"elementor-button-text\">PARLONS-EN<\/span>\n\t\t<\/span>\n\t\t\t\t\t<\/a>\n\t\t<\/div>\n\t\t\t\t<\/div>\n\t\t\t\t<\/div>\n\t\t\t\t\t<\/div>\n\t\t<\/div>\n\t\t\t\t<div class=\"elementor-column elementor-col-50 elementor-top-column elementor-element elementor-element-4d81a695 bs-sidebar dynamic-sidebar\" data-id=\"4d81a695\" data-element_type=\"column\">\n\t\t\t<div class=\"elementor-widget-wrap elementor-element-populated\">\n\t\t\t\t\t\t<div class=\"elementor-element elementor-element-282bfac6 elementor-widget elementor-widget-sidebar\" data-id=\"282bfac6\" data-element_type=\"widget\" data-widget_type=\"sidebar.default\">\n\t\t\t\t<div class=\"elementor-widget-container\">\n\t\t\t<div id=\"nav_menu-1\" class=\"service-singles widget widget_nav_menu\"><div class=\"menu-services-container\"><ul id=\"menu-services\" class=\"menu\"><li id=\"menu-item-14445\" class=\"menu-item menu-item-type-post_type menu-item-object-page menu-item-14445\"><a href=\"https:\/\/smartiadev.com\/fr\/services\/conseil-en-ia-et-science-des-donnees\/\">Conseil en IA et science des donn\u00e9es<\/a><\/li>\n<li id=\"menu-item-15290\" class=\"menu-item menu-item-type-post_type menu-item-object-page menu-item-15290\"><a href=\"https:\/\/smartiadev.com\/fr\/services\/ingenierie-en-rd\/\">Consultant en R&amp;D<\/a><\/li>\n<li id=\"menu-item-14447\" class=\"menu-item menu-item-type-post_type menu-item-object-page menu-item-14447\"><a href=\"https:\/\/smartiadev.com\/fr\/services\/analyse-des-opportunites-dia\/\">Analyse des opportunit\u00e9s d\u2019IA<\/a><\/li>\n<li id=\"menu-item-14446\" class=\"menu-item menu-item-type-post_type menu-item-object-page menu-item-14446\"><a href=\"https:\/\/smartiadev.com\/fr\/services\/ai-integration\/\">AI Int\u00e9gration<\/a><\/li>\n<li id=\"menu-item-14444\" class=\"menu-item menu-item-type-post_type menu-item-object-page menu-item-14444\"><a href=\"https:\/\/smartiadev.com\/fr\/services\/academie\/\">Academie<\/a><\/li>\n<\/ul><\/div><\/div>\t\t<\/div>\n\t\t\t\t<\/div>\n\t\t\t\t\t<\/div>\n\t\t<\/div>\n\t\t\t\t\t<\/div>\n\t\t<\/section>\n\t\t\t\t<\/div>\n\t\t","protected":false},"excerpt":{"rendered":"<p>Int\u00e9gration De L&#8217;IA Les services de planification strat\u00e9gique en IA impliquent le processus de planification et de strat\u00e9gie pour la mise en \u0153uvre des technologies d&#8217;intelligence artificielle (IA) au sein d&#8217;une organisation ou d&#8217;un projet. Ces services visent g\u00e9n\u00e9ralement \u00e0 fournir une approche structur\u00e9e pour l&#8217;int\u00e9gration des solutions d&#8217;IA, en tenant compte de divers facteurs&#8230;<\/p>\n","protected":false},"author":1,"featured_media":0,"parent":13468,"menu_order":0,"comment_status":"closed","ping_status":"closed","template":"","meta":{"footnotes":""},"class_list":["post-13567","page","type-page","status-publish","hentry"],"_links":{"self":[{"href":"https:\/\/smartiadev.com\/fr\/wp-json\/wp\/v2\/pages\/13567","targetHints":{"allow":["GET"]}}],"collection":[{"href":"https:\/\/smartiadev.com\/fr\/wp-json\/wp\/v2\/pages"}],"about":[{"href":"https:\/\/smartiadev.com\/fr\/wp-json\/wp\/v2\/types\/page"}],"author":[{"embeddable":true,"href":"https:\/\/smartiadev.com\/fr\/wp-json\/wp\/v2\/users\/1"}],"replies":[{"embeddable":true,"href":"https:\/\/smartiadev.com\/fr\/wp-json\/wp\/v2\/comments?post=13567"}],"version-history":[{"count":126,"href":"https:\/\/smartiadev.com\/fr\/wp-json\/wp\/v2\/pages\/13567\/revisions"}],"predecessor-version":[{"id":15248,"href":"https:\/\/smartiadev.com\/fr\/wp-json\/wp\/v2\/pages\/13567\/revisions\/15248"}],"up":[{"embeddable":true,"href":"https:\/\/smartiadev.com\/fr\/wp-json\/wp\/v2\/pages\/13468"}],"wp:attachment":[{"href":"https:\/\/smartiadev.com\/fr\/wp-json\/wp\/v2\/media?parent=13567"}],"curies":[{"name":"wp","href":"https:\/\/api.w.org\/{rel}","templated":true}]}}